{"id":3089,"date":"2025-05-15T05:42:42","date_gmt":"2025-05-15T05:42:42","guid":{"rendered":"https:\/\/themexriver.com\/wp\/medicox\/?page_id=48"},"modified":"2025-11-07T16:39:33","modified_gmt":"2025-11-07T09:39:33","slug":"gioi-thieu","status":"publish","type":"page","link":"https:\/\/phunxamtaidang.com\/en\/gioi-thieu\/","title":{"rendered":"Introduce"},"content":{"rendered":"<div data-elementor-type=\"wp-page\" data-elementor-id=\"3089\" class=\"elementor elementor-3089\" data-elementor-post-type=\"page\">\n\t\t\t\t\t\t<section class=\"elementor-section elementor-top-section elementor-element elementor-element-e6877f7 elementor-section-content-middle elementor-section-boxed elementor-section-height-default elementor-section-height-default\" data-id=\"e6877f7\" data-element_type=\"section\">\n\t\t\t\t\t\t<div class=\"elementor-container elementor-column-gap-default\">\n\t\t\t\t\t<div class=\"elementor-column elementor-col-50 elementor-top-column elementor-element elementor-element-2699cb1\" data-id=\"2699cb1\" data-element_type=\"column\">\n\t\t\t<div class=\"elementor-widget-wrap elementor-element-populated\">\n\t\t\t\t\t\t<div class=\"elementor-element elementor-element-4d08a11 elementor-widget elementor-widget-go-s-heading\" data-id=\"4d08a11\" data-element_type=\"widget\" data-widget_type=\"go-s-heading.default\">\n\t\t\t\t<div class=\"elementor-widget-container\">\n\t\t\t\t\t<div class=\"mc-sec-title7 headline-6 prthalign pera-content\">\n            <div class=\"subtitle text-capitalize d-flex justify-content-center align-items-center\">\n                                    <img decoding=\"async\" src=\"https:\/\/themexriver.com\/wp\/medicox\/wp-content\/uploads\/2025\/05\/ic40.svg\" alt=\"\">\n                                Introduce            <\/div>\n        <h1 class=\"elementor-gt-heading sec_title  tx-split-text split-in-up\">Phun X\u0103m T\u1ef1 Nhi\u00ean T\u00e0i \u0110\u1eb7ng \u2013 n\u01a1i t\u00f4n vinh v\u1ebb \u0111\u1eb9p t\u1ef1 nhi\u00ean v\u00e0 tinh t\u1ebf c\u1ee7a b\u1ea1n.<\/h1>    <div class=\"elementor-gt-desc\">\n    <p>Ch\u00fang t\u00f4i hi\u1ec3u r\u1eb1ng m\u1ed7i khu\u00f4n m\u1eb7t mang m\u1ed9t n\u00e9t ri\u00eang bi\u1ec7t, v\u00ec v\u1eady T\u00e0i \u0110\u1eb7ng lu\u00f4n ch\u00fa tr\u1ecdng trong t\u1eebng chi ti\u1ebft \u0111\u1ec3 mang \u0111\u1ebfn \u0111\u00f4i m\u00f4i, \u0111\u00f4i m\u00e0y hay \u0111\u01b0\u1eddng m\u00ed th\u1eadt h\u00e0i h\u00f2a, m\u1ec1m m\u1ea1i v\u00e0 t\u1ef1 nhi\u00ean nh\u1ea5t.<\/p>\n<p>V\u1edbi k\u1ef9 thu\u1eadt hi\u1ec7n \u0111\u1ea1i, m\u1ef1c nh\u1eadp kh\u1ea9u an to\u00e0n v\u00e0 \u0111\u00f4i tay kh\u00e9o l\u00e9o c\u1ee7a chuy\u00ean vi\u00ean gi\u00e0u kinh nghi\u1ec7m, T\u00e0i \u0110\u1eb7ng cam k\u1ebft mang l\u1ea1i k\u1ebft qu\u1ea3 b\u1ec1n \u0111\u1eb9p, nh\u1eb9 nh\u00e0ng v\u00e0 chu\u1ea9n phong c\u00e1ch \u201c\u0111\u1eb9p nh\u01b0 kh\u00f4ng l\u00e0m\u201d.<\/p>\n<\/div>\n<\/div>\t\t\t\t<\/div>\n\t\t\t\t<\/div>\n\t\t\t\t<div class=\"elementor-element elementor-element-daa4808 elementor-widget elementor-widget-n-accordion\" data-id=\"daa4808\" data-element_type=\"widget\" data-settings=\"{&quot;default_state&quot;:&quot;expanded&quot;,&quot;max_items_expended&quot;:&quot;one&quot;,&quot;n_accordion_animation_duration&quot;:{&quot;unit&quot;:&quot;ms&quot;,&quot;size&quot;:400,&quot;sizes&quot;:[]}}\" data-widget_type=\"nested-accordion.default\">\n\t\t\t\t\t\t\t<div class=\"e-n-accordion\" aria-label=\"Accordion. Open links with Enter or Space, close with Escape, and navigate with Arrow Keys\">\n\t\t\t\t\t\t<details id=\"\u00e1dsad\" class=\"e-n-accordion-item\" open>\n\t\t\t\t<summary class=\"e-n-accordion-item-title\" data-accordion-index=\"1\" tabindex=\"0\" aria-expanded=\"true\" aria-controls=\"\u00e1dsad\" >\n\t\t\t\t\t<span class='e-n-accordion-item-title-header'><div class=\"e-n-accordion-item-title-text\"> T\u1ea7m nh\u00ecn <\/div><\/span>\n\t\t\t\t\t\t\t<span class='e-n-accordion-item-title-icon'>\n\t\t\t<span class='e-opened' ><i aria-hidden=\"true\" class=\"fas fa-minus\"><\/i><\/span>\n\t\t\t<span class='e-closed'><i aria-hidden=\"true\" class=\"fas fa-plus\"><\/i><\/span>\n\t\t<\/span>\n\n\t\t\t\t\t\t<\/summary>\n\t\t\t\t<div role=\"region\" aria-labelledby=\"\u00e1dsad\" class=\"elementor-element elementor-element-b096649 e-con-full e-flex e-con e-child\" data-id=\"b096649\" data-element_type=\"container\">\n\t\t<div role=\"region\" aria-labelledby=\"\u00e1dsad\" class=\"elementor-element elementor-element-565d671 e-flex e-con-boxed e-con e-child\" data-id=\"565d671\" data-element_type=\"container\">\n\t\t\t\t\t<div class=\"e-con-inner\">\n\t\t\t\t<div class=\"elementor-element elementor-element-d2f21cb elementor-widget elementor-widget-text-editor\" data-id=\"d2f21cb\" data-element_type=\"widget\" data-widget_type=\"text-editor.default\">\n\t\t\t\t\t\t\t\t\t<p data-start=\"731\" data-end=\"886\">Tr\u1edf th\u00e0nh th\u01b0\u01a1ng hi\u1ec7u phun x\u0103m t\u1ef1 nhi\u00ean h\u00e0ng \u0111\u1ea7u, n\u01a1i kh\u00e1ch h\u00e0ng t\u00ecm \u0111\u1ebfn kh\u00f4ng ch\u1ec9 \u0111\u1ec3 l\u00e0m \u0111\u1eb9p, m\u00e0 \u0111\u1ec3 t\u00ecm l\u1ea1i s\u1ef1 t\u1ef1 tin v\u00e0 th\u1ea7n th\u00e1i ri\u00eang c\u1ee7a ch\u00ednh m\u00ecnh.<\/p>\t\t\t\t\t\t\t\t<\/div>\n\t\t\t\t\t<\/div>\n\t\t\t\t<\/div>\n\t\t\t\t<\/div>\n\t\t\t\t\t<\/details>\n\t\t\t\t\t\t<details id=\"e-n-accordion-item-2291\" class=\"e-n-accordion-item\" >\n\t\t\t\t<summary class=\"e-n-accordion-item-title\" data-accordion-index=\"2\" tabindex=\"-1\" aria-expanded=\"false\" aria-controls=\"e-n-accordion-item-2291\" >\n\t\t\t\t\t<span class='e-n-accordion-item-title-header'><div class=\"e-n-accordion-item-title-text\"> S\u1ee9 m\u1ec7nh <\/div><\/span>\n\t\t\t\t\t\t\t<span class='e-n-accordion-item-title-icon'>\n\t\t\t<span class='e-opened' ><i aria-hidden=\"true\" class=\"fas fa-minus\"><\/i><\/span>\n\t\t\t<span class='e-closed'><i aria-hidden=\"true\" class=\"fas fa-plus\"><\/i><\/span>\n\t\t<\/span>\n\n\t\t\t\t\t\t<\/summary>\n\t\t\t\t<div role=\"region\" aria-labelledby=\"e-n-accordion-item-2291\" class=\"elementor-element elementor-element-6ba3dc0 e-con-full e-flex e-con e-child\" data-id=\"6ba3dc0\" data-element_type=\"container\">\n\t\t<div role=\"region\" aria-labelledby=\"e-n-accordion-item-2291\" class=\"elementor-element elementor-element-bb1501b e-flex e-con-boxed e-con e-child\" data-id=\"bb1501b\" data-element_type=\"container\">\n\t\t\t\t\t<div class=\"e-con-inner\">\n\t\t\t\t<div class=\"elementor-element elementor-element-d159d7a elementor-widget elementor-widget-text-editor\" data-id=\"d159d7a\" data-element_type=\"widget\" data-widget_type=\"text-editor.default\">\n\t\t\t\t\t\t\t\t\t<p data-start=\"909\" data-end=\"1038\">Mang \u0111\u1ebfn tr\u1ea3i nghi\u1ec7m l\u00e0m \u0111\u1eb9p an to\u00e0n \u2013 tinh t\u1ebf \u2013 \u0111\u1eb3ng c\u1ea5p, gi\u00fap kh\u00e1ch h\u00e0ng r\u1ea1ng r\u1ee1 m\u1ed9t c\u00e1ch t\u1ef1 nhi\u00ean nh\u1ea5t trong t\u1eebng \u0111\u01b0\u1eddng n\u00e9t.<\/p>\t\t\t\t\t\t\t\t<\/div>\n\t\t\t\t\t<\/div>\n\t\t\t\t<\/div>\n\t\t\t\t<\/div>\n\t\t\t\t\t<\/details>\n\t\t\t\t\t\t<details id=\"e-n-accordion-item-2292\" class=\"e-n-accordion-item\" >\n\t\t\t\t<summary class=\"e-n-accordion-item-title\" data-accordion-index=\"3\" tabindex=\"-1\" aria-expanded=\"false\" aria-controls=\"e-n-accordion-item-2292\" >\n\t\t\t\t\t<span class='e-n-accordion-item-title-header'><div class=\"e-n-accordion-item-title-text\"> Th\u00e0nh t\u1ef1u <\/div><\/span>\n\t\t\t\t\t\t\t<span class='e-n-accordion-item-title-icon'>\n\t\t\t<span class='e-opened' ><i aria-hidden=\"true\" class=\"fas fa-minus\"><\/i><\/span>\n\t\t\t<span class='e-closed'><i aria-hidden=\"true\" class=\"fas fa-plus\"><\/i><\/span>\n\t\t<\/span>\n\n\t\t\t\t\t\t<\/summary>\n\t\t\t\t<div role=\"region\" aria-labelledby=\"e-n-accordion-item-2292\" class=\"elementor-element elementor-element-435f153 e-con-full e-flex e-con e-child\" data-id=\"435f153\" data-element_type=\"container\">\n\t\t<div role=\"region\" aria-labelledby=\"e-n-accordion-item-2292\" class=\"elementor-element elementor-element-c8d96bd e-flex e-con-boxed e-con e-child\" data-id=\"c8d96bd\" data-element_type=\"container\">\n\t\t\t\t\t<div class=\"e-con-inner\">\n\t\t\t\t<div class=\"elementor-element elementor-element-6327a1b elementor-widget elementor-widget-text-editor\" data-id=\"6327a1b\" data-element_type=\"widget\" data-widget_type=\"text-editor.default\">\n\t\t\t\t\t\t\t\t\t<p data-start=\"1063\" data-end=\"1234\">H\u01a1n <strong data-start=\"1067\" data-end=\"1088\">5 n\u0103m kinh nghi\u1ec7m<\/strong>, h\u00e0ng ng\u00e0n kh\u00e1ch h\u00e0ng h\u00e0i l\u00f2ng, v\u00e0 v\u00f4 s\u1ed1 n\u1ee5 c\u01b0\u1eddi t\u1ef1 tin sau khi tr\u1ea3i nghi\u1ec7m d\u1ecbch v\u1ee5 \u2013 \u0111\u00f3 ch\u00ednh l\u00e0 ni\u1ec1m t\u1ef1 h\u00e0o l\u1edbn nh\u1ea5t c\u1ee7a <strong data-start=\"1212\" data-end=\"1231\">T\u00e0i \u0110\u1eb7ng Beauty<\/strong>.<\/p>\t\t\t\t\t\t\t\t<\/div>\n\t\t\t\t\t<\/div>\n\t\t\t\t<\/div>\n\t\t\t\t<\/div>\n\t\t\t\t\t<\/details>\n\t\t\t\t\t<\/div>\n\t\t\t\t\t\t<\/div>\n\t\t\t\t\t<\/div>\n\t\t<\/div>\n\t\t\t\t<div class=\"elementor-column elementor-col-50 elementor-top-column elementor-element elementor-element-a730089\" data-id=\"a730089\" data-element_type=\"column\">\n\t\t\t<div class=\"elementor-widget-wrap elementor-element-populated\">\n\t\t\t\t\t\t<div class=\"elementor-element elementor-element-7db610d elementor-widget elementor-widget-medicox-gallery\" data-id=\"7db610d\" data-element_type=\"widget\" data-widget_type=\"medicox-gallery.default\">\n\t\t\t\t<div class=\"elementor-widget-container\">\n\t\t\t\t\t<div class=\"mc-ab7-img-slide position-relative mt-50\">\n    <div class=\"mc-ab7-img-active swiper-container\">\n        <div class=\"swiper-wrapper\">\n                            <div class=\"swiper-slide\">\n                    <div class=\"mc-ab7-img img-cover\">\n                        <img decoding=\"async\" src=\"https:\/\/phunxamtaidang.com\/wp-content\/uploads\/2025\/10\/8d69a7e725c2a89cf1d3.jpg\" alt=\"gallery\" class=\"img-fluid\">\n                    <\/div>\n                <\/div>\n                            <div class=\"swiper-slide\">\n                    <div class=\"mc-ab7-img img-cover\">\n                        <img decoding=\"async\" src=\"https:\/\/phunxamtaidang.com\/wp-content\/uploads\/2025\/10\/ece64064c2414f1f1650.jpg\" alt=\"gallery\" class=\"img-fluid\">\n                    <\/div>\n                <\/div>\n                            <div class=\"swiper-slide\">\n                    <div class=\"mc-ab7-img img-cover\">\n                        <img decoding=\"async\" src=\"https:\/\/phunxamtaidang.com\/wp-content\/uploads\/2025\/10\/nhanvie.jpg\" alt=\"gallery\" class=\"img-fluid\">\n                    <\/div>\n                <\/div>\n                            <div class=\"swiper-slide\">\n                    <div class=\"mc-ab7-img img-cover\">\n                        <img decoding=\"async\" src=\"https:\/\/phunxamtaidang.com\/wp-content\/uploads\/2025\/10\/b28e4800ca25477b1e34.jpg\" alt=\"gallery\" class=\"img-fluid\">\n                    <\/div>\n                <\/div>\n                            <div class=\"swiper-slide\">\n                    <div class=\"mc-ab7-img img-cover\">\n                        <img decoding=\"async\" src=\"https:\/\/phunxamtaidang.com\/wp-content\/uploads\/2025\/10\/2d8bd9055b20d67e8f31.jpg\" alt=\"gallery\" class=\"img-fluid\">\n                    <\/div>\n                <\/div>\n                            <div class=\"swiper-slide\">\n                    <div class=\"mc-ab7-img img-cover\">\n                        <img decoding=\"async\" src=\"https:\/\/phunxamtaidang.com\/wp-content\/uploads\/2025\/10\/068cd2055020dd7e8431.jpg\" alt=\"gallery\" class=\"img-fluid\">\n                    <\/div>\n                <\/div>\n            \n        <\/div>\n    <\/div>\n    <div class=\"mc-ab-nav d-flex align-items-center\">\n        <div class=\"mc-ab-prev arrow-nav d-flex justify-content-center align-items-center\">\n            <i class=\"fa-solid fa-chevron-left\"><\/i>\n        <\/div>\n        <div class=\"mc-ab-next arrow-nav d-flex justify-content-center align-items-center\">\n            <i class=\"fa-solid fa-chevron-right\"><\/i>\n        <\/div>\n    <\/div>\n    <\/div>\t\t\t\t<\/div>\n\t\t\t\t<\/div>\n\t\t\t\t\t<\/div>\n\t\t<\/div>\n\t\t\t\t\t<\/div>\n\t\t<\/section>\n\t\t\t\t<\/div>","protected":false},"excerpt":{"rendered":"<p>Gi\u1edbi thi\u1ec7u Phun X\u0103m T\u1ef1 Nhi\u00ean T\u00e0i \u0110\u1eb7ng \u2013 n\u01a1i t\u00f4n vinh v\u1ebb \u0111\u1eb9p t\u1ef1 nhi\u00ean v\u00e0 tinh t\u1ebf c\u1ee7a b\u1ea1n. Ch\u00fang t\u00f4i hi\u1ec3u r\u1eb1ng m\u1ed7i khu\u00f4n m\u1eb7t mang m\u1ed9t n\u00e9t ri\u00eang bi\u1ec7t, v\u00ec v\u1eady T\u00e0i \u0110\u1eb7ng lu\u00f4n ch\u00fa tr\u1ecdng trong t\u1eebng chi ti\u1ebft \u0111\u1ec3 mang \u0111\u1ebfn \u0111\u00f4i m\u00f4i, \u0111\u00f4i m\u00e0y hay \u0111\u01b0\u1eddng m\u00ed th\u1eadt [&hellip;]<\/p>","protected":false},"author":1,"featured_media":0,"parent":0,"menu_order":0,"comment_status":"closed","ping_status":"closed","template":"elementor_header_footer","meta":{"footnotes":""},"yst_prominent_words":[],"class_list":["post-3089","page","type-page","status-publish","hentry"],"acf":[],"_links":{"self":[{"href":"https:\/\/phunxamtaidang.com\/en\/wp-json\/wp\/v2\/pages\/3089","targetHints":{"allow":["GET"]}}],"collection":[{"href":"https:\/\/phunxamtaidang.com\/en\/wp-json\/wp\/v2\/pages"}],"about":[{"href":"https:\/\/phunxamtaidang.com\/en\/wp-json\/wp\/v2\/types\/page"}],"author":[{"embeddable":true,"href":"https:\/\/phunxamtaidang.com\/en\/wp-json\/wp\/v2\/users\/1"}],"replies":[{"embeddable":true,"href":"https:\/\/phunxamtaidang.com\/en\/wp-json\/wp\/v2\/comments?post=3089"}],"version-history":[{"count":26,"href":"https:\/\/phunxamtaidang.com\/en\/wp-json\/wp\/v2\/pages\/3089\/revisions"}],"predecessor-version":[{"id":4195,"href":"https:\/\/phunxamtaidang.com\/en\/wp-json\/wp\/v2\/pages\/3089\/revisions\/4195"}],"wp:attachment":[{"href":"https:\/\/phunxamtaidang.com\/en\/wp-json\/wp\/v2\/media?parent=3089"}],"wp:term":[{"taxonomy":"yst_prominent_words","embeddable":true,"href":"https:\/\/phunxamtaidang.com\/en\/wp-json\/wp\/v2\/yst_prominent_words?post=3089"}],"curies":[{"name":"wp","href":"https:\/\/api.w.org\/{rel}","templated":true}]}}