{"id":3090,"date":"2025-05-15T05:42:52","date_gmt":"2025-05-15T05:42:52","guid":{"rendered":"https:\/\/themexriver.com\/wp\/medicox\/?page_id=50"},"modified":"2025-11-07T16:40:06","modified_gmt":"2025-11-07T09:40:06","slug":"dich-vu","status":"publish","type":"page","link":"https:\/\/phunxamtaidang.com\/en\/dich-vu\/","title":{"rendered":"Service"},"content":{"rendered":"<div data-elementor-type=\"wp-page\" data-elementor-id=\"3090\" class=\"elementor elementor-3090\" data-elementor-post-type=\"page\">\n\t\t\t\t\t\t<section class=\"elementor-section elementor-top-section elementor-element elementor-element-aed9a7f elementor-section-boxed elementor-section-height-default elementor-section-height-default\" data-id=\"aed9a7f\" data-element_type=\"section\" data-settings=\"{&quot;background_background&quot;:&quot;classic&quot;}\">\n\t\t\t\t\t\t<div class=\"elementor-container elementor-column-gap-default\">\n\t\t\t\t\t<div class=\"elementor-column elementor-col-100 elementor-top-column elementor-element elementor-element-5390714\" data-id=\"5390714\" data-element_type=\"column\">\n\t\t\t<div class=\"elementor-widget-wrap elementor-element-populated\">\n\t\t\t\t\t\t<div class=\"elementor-element elementor-element-7bc7a07 e-transform elementor-widget elementor-widget-go-s-heading\" data-id=\"7bc7a07\" data-element_type=\"widget\" data-settings=\"{&quot;_transform_rotateZ_effect_hover&quot;:{&quot;unit&quot;:&quot;px&quot;,&quot;size&quot;:&quot;&quot;,&quot;sizes&quot;:[]},&quot;_transform_rotateZ_effect_hover_laptop&quot;:{&quot;unit&quot;:&quot;deg&quot;,&quot;size&quot;:&quot;&quot;,&quot;sizes&quot;:[]},&quot;_transform_rotateZ_effect_hover_tablet&quot;:{&quot;unit&quot;:&quot;deg&quot;,&quot;size&quot;:&quot;&quot;,&quot;sizes&quot;:[]},&quot;_transform_rotateZ_effect_hover_mobile&quot;:{&quot;unit&quot;:&quot;deg&quot;,&quot;size&quot;:&quot;&quot;,&quot;sizes&quot;:[]}}\" data-widget_type=\"go-s-heading.default\">\n\t\t\t\t<div class=\"elementor-widget-container\">\n\t\t\t\t\t<div class=\"mc-sec-title4 mb-20 prthalign headline-3 pera-content\">\n            <div class=\"subtitle wow fadeInRight\" data-wow-delay=\"300ms\" data-wow-duration=\"1200ms\">\n            Service         <\/div>\n        <h1 class=\"elementor-gt-heading sec_title tx-split-text split-in-up\">D\u1ecbch V\u1ee5 N\u1ed5i B\u1eadt C\u1ee7a T\u00e0i \u0110\u1eb7ng Beauty<\/h1>    <div class=\"elementor-gt-desc\">\n        <p>Ch\u00fang t\u00f4i mang \u0111\u1ebfn nh\u1eefng d\u1ecbch v\u1ee5 phun x\u0103m th\u1ea9m m\u1ef9 t\u1ef1 nhi\u00ean, an to\u00e0n gi\u00fap t\u00f4n l\u00ean v\u1ebb \u0111\u1eb9p ri\u00eang c\u1ee7a t\u1eebng kh\u00e1ch h\u00e0ng v\u1edbi k\u1ef9 thu\u1eadt hi\u1ec7n \u0111\u1ea1i v\u00e0 s\u1ef1 t\u1eadn t\u00e2m trong t\u1eebng chi ti\u1ebft.<\/p>\n    <\/div>\n<\/div>\t\t\t\t<\/div>\n\t\t\t\t<\/div>\n\t\t\t\t<div class=\"elementor-element elementor-element-fb5d893 elementor-widget elementor-widget-go-service-item\" data-id=\"fb5d893\" data-element_type=\"widget\" data-widget_type=\"go-service-item.default\">\n\t\t\t\t<div class=\"elementor-widget-container\">\n\t\t\t\t\t<div class=\"mc-service-feed-content\">\n    <div class=\"row justify-content-center\">\n                    <div class=\"col-lg-4 col-md-6\">\n                <div class=\"mc-service-feed-item\">\n                                            <div class=\"item-img mb-35\">\n                            <img decoding=\"async\" src=\"https:\/\/phunxamtaidang.com\/wp-content\/uploads\/2025\/10\/ece64064c2414f1f1650.jpg\" alt=\"List\">\n                        <\/div>\n                                        <div class=\"item-text headline-3 pera-content\">\n                        <h3><a target=\"_self\"\n                        rel=\"\"\n                        href=\"https:\/\/phunxamtaidang.com\/en\/danh_muc_dich_vu\/dich-vu-chan-may\/\">\n                            Eyebrow service                        <\/a><\/h3>\n                        <p>T\u1ea1o d\u00e1ng m\u00e0y h\u00e0i h\u00f2a v\u1edbi khu\u00f4n m\u1eb7t, \u0111\u01b0\u1eddng n\u00e9t m\u1ec1m m\u1ea1i v\u00e0 t\u1ef1 nhi\u00ean nh\u01b0 th\u1eadt.<br \/>\nK\u1ef9 thu\u1eadt phun m\u00e0y \u0111\u1ed9c quy\u1ec1n gi\u00fap m\u00e0u b\u1ec1n \u0111\u1eb9p l\u00e2u d\u00e0i, kh\u00f4ng lem, kh\u00f4ng th\u00f4.<\/p>\n                                                    <a class=\"read_more\" target=\"_self\"\n                        rel=\"\"\n                        href=\"https:\/\/phunxamtaidang.com\/en\/danh_muc_dich_vu\/dich-vu-chan-may\/\">Xem th\u00eam <i class=\"fa-solid fa-arrow-right-long\"><\/i><\/a>\n                                            <\/div>\n                <\/div>\n            <\/div>\n                    <div class=\"col-lg-4 col-md-6\">\n                <div class=\"mc-service-feed-item\">\n                                            <div class=\"item-img mb-35\">\n                            <img decoding=\"async\" src=\"https:\/\/phunxamtaidang.com\/wp-content\/uploads\/2025\/10\/b28e4800ca25477b1e34.jpg\" alt=\"List\">\n                        <\/div>\n                                        <div class=\"item-text headline-3 pera-content\">\n                        <h3><a target=\"_self\"\n                        rel=\"\"\n                        href=\"https:\/\/phunxamtaidang.com\/en\/danh_muc_dich_vu\/dich-vu-phun-moi\/\">\n                            Lip tattoo service                        <\/a><\/h3>\n                        <p>Gi\u00fap \u0111\u00f4i m\u00f4i tr\u1edf n\u00ean h\u1ed3ng h\u00e0o, c\u0103ng m\u1ecdng v\u00e0 r\u1ea1ng r\u1ee1 m\u00e0 v\u1eabn gi\u1eef v\u1ebb t\u1ef1 nhi\u00ean v\u1ed1n c\u00f3.<br \/>\nM\u1ef1c organic an to\u00e0n, kh\u00f4ng s\u01b0ng \u0111au, l\u00ean m\u00e0u chu\u1ea9n \u0111\u1eb9p cho m\u1ecdi t\u00f4ng da.<\/p>\n                                                    <a class=\"read_more\" target=\"_self\"\n                        rel=\"\"\n                        href=\"https:\/\/phunxamtaidang.com\/en\/danh_muc_dich_vu\/dich-vu-phun-moi\/\">Xem th\u00eam <i class=\"fa-solid fa-arrow-right-long\"><\/i><\/a>\n                                            <\/div>\n                <\/div>\n            <\/div>\n                    <div class=\"col-lg-4 col-md-6\">\n                <div class=\"mc-service-feed-item\">\n                                            <div class=\"item-img mb-35\">\n                            <img decoding=\"async\" src=\"https:\/\/phunxamtaidang.com\/wp-content\/uploads\/2025\/10\/068cd2055020dd7e8431.jpg\" alt=\"List\">\n                        <\/div>\n                                        <div class=\"item-text headline-3 pera-content\">\n                        <h3><a target=\"_self\"\n                        rel=\"\"\n                        href=\"https:\/\/phunxamtaidang.com\/en\/danh_muc_dich_vu\/khu-tham-moi\/\">\n                            Dark lip removal                        <\/a><\/h3>\n                        <p>X\u1eed l\u00fd tri\u1ec7t \u0111\u1ec3 t\u00ecnh tr\u1ea1ng m\u00f4i th\u00e2m, x\u1ec9n m\u00e0u do c\u01a1 \u0111\u1ecba ho\u1eb7c d\u00f9ng m\u1ef9 ph\u1ea9m.<br \/>\nSau li\u1ec7u tr\u00ecnh, m\u00f4i \u0111\u1ec1u m\u00e0u, s\u00e1ng t\u1ef1 nhi\u00ean v\u00e0 m\u1ec1m m\u1ecbn h\u01a1n r\u00f5 r\u1ec7t.<\/p>\n                                                    <a class=\"read_more\" target=\"_self\"\n                        rel=\"\"\n                        href=\"https:\/\/phunxamtaidang.com\/en\/danh_muc_dich_vu\/khu-tham-moi\/\">Xem th\u00eam <i class=\"fa-solid fa-arrow-right-long\"><\/i><\/a>\n                                            <\/div>\n                <\/div>\n            <\/div>\n            <\/div>\n<\/div>\t\t\t\t<\/div>\n\t\t\t\t<\/div>\n\t\t\t\t\t<\/div>\n\t\t<\/div>\n\t\t\t\t\t<\/div>\n\t\t<\/section>\n\t\t\t\t<\/div>","protected":false},"excerpt":{"rendered":"<p>D\u1ecbch v\u1ee5 D\u1ecbch V\u1ee5 N\u1ed5i B\u1eadt C\u1ee7a T\u00e0i \u0110\u1eb7ng Beauty Ch\u00fang t\u00f4i mang \u0111\u1ebfn nh\u1eefng d\u1ecbch v\u1ee5 phun x\u0103m th\u1ea9m m\u1ef9 t\u1ef1 nhi\u00ean, an to\u00e0n gi\u00fap t\u00f4n l\u00ean v\u1ebb \u0111\u1eb9p ri\u00eang c\u1ee7a t\u1eebng kh\u00e1ch h\u00e0ng v\u1edbi k\u1ef9 thu\u1eadt hi\u1ec7n \u0111\u1ea1i v\u00e0 s\u1ef1 t\u1eadn t\u00e2m trong t\u1eebng chi ti\u1ebft. D\u1ecbch v\u1ee5 ch\u00e2n m\u00e0y T\u1ea1o d\u00e1ng m\u00e0y [&hellip;]<\/p>","protected":false},"author":1,"featured_media":0,"parent":0,"menu_order":0,"comment_status":"closed","ping_status":"closed","template":"elementor_header_footer","meta":{"footnotes":""},"yst_prominent_words":[],"class_list":["post-3090","page","type-page","status-publish","hentry"],"acf":[],"_links":{"self":[{"href":"https:\/\/phunxamtaidang.com\/en\/wp-json\/wp\/v2\/pages\/3090","targetHints":{"allow":["GET"]}}],"collection":[{"href":"https:\/\/phunxamtaidang.com\/en\/wp-json\/wp\/v2\/pages"}],"about":[{"href":"https:\/\/phunxamtaidang.com\/en\/wp-json\/wp\/v2\/types\/page"}],"author":[{"embeddable":true,"href":"https:\/\/phunxamtaidang.com\/en\/wp-json\/wp\/v2\/users\/1"}],"replies":[{"embeddable":true,"href":"https:\/\/phunxamtaidang.com\/en\/wp-json\/wp\/v2\/comments?post=3090"}],"version-history":[{"count":59,"href":"https:\/\/phunxamtaidang.com\/en\/wp-json\/wp\/v2\/pages\/3090\/revisions"}],"predecessor-version":[{"id":4204,"href":"https:\/\/phunxamtaidang.com\/en\/wp-json\/wp\/v2\/pages\/3090\/revisions\/4204"}],"wp:attachment":[{"href":"https:\/\/phunxamtaidang.com\/en\/wp-json\/wp\/v2\/media?parent=3090"}],"wp:term":[{"taxonomy":"yst_prominent_words","embeddable":true,"href":"https:\/\/phunxamtaidang.com\/en\/wp-json\/wp\/v2\/yst_prominent_words?post=3090"}],"curies":[{"name":"wp","href":"https:\/\/api.w.org\/{rel}","templated":true}]}}