{"id":3162,"date":"2025-10-15T21:52:29","date_gmt":"2025-10-15T14:52:29","guid":{"rendered":"https:\/\/phunxamtaidang.123websitedev.com\/?page_id=3162"},"modified":"2025-11-07T16:41:29","modified_gmt":"2025-11-07T09:41:29","slug":"tuyen-dung","status":"publish","type":"page","link":"https:\/\/phunxamtaidang.com\/en\/tuyen-dung\/","title":{"rendered":"Recruitment"},"content":{"rendered":"<div data-elementor-type=\"wp-page\" data-elementor-id=\"3162\" class=\"elementor elementor-3162\" data-elementor-post-type=\"page\">\n\t\t\t\t<div class=\"elementor-element elementor-element-46b1886 e-flex e-con-boxed e-con e-parent\" data-id=\"46b1886\" data-element_type=\"container\">\n\t\t\t\t\t<div class=\"e-con-inner\">\n\t\t\t\t<div class=\"elementor-element elementor-element-e8b85d9 elementor-grid-3 elementor-grid-tablet-2 elementor-grid-mobile-1 elementor-posts--thumbnail-top elementor-posts--show-avatar elementor-card-shadow-yes elementor-posts__hover-gradient elementor-widget elementor-widget-posts\" data-id=\"e8b85d9\" data-element_type=\"widget\" data-settings=\"{&quot;cards_columns&quot;:&quot;3&quot;,&quot;cards_columns_tablet&quot;:&quot;2&quot;,&quot;cards_columns_mobile&quot;:&quot;1&quot;,&quot;cards_row_gap&quot;:{&quot;unit&quot;:&quot;px&quot;,&quot;size&quot;:35,&quot;sizes&quot;:[]},&quot;cards_row_gap_laptop&quot;:{&quot;unit&quot;:&quot;px&quot;,&quot;size&quot;:&quot;&quot;,&quot;sizes&quot;:[]},&quot;cards_row_gap_tablet&quot;:{&quot;unit&quot;:&quot;px&quot;,&quot;size&quot;:&quot;&quot;,&quot;sizes&quot;:[]},&quot;cards_row_gap_mobile&quot;:{&quot;unit&quot;:&quot;px&quot;,&quot;size&quot;:&quot;&quot;,&quot;sizes&quot;:[]}}\" data-widget_type=\"posts.cards\">\n\t\t\t\t<div class=\"elementor-widget-container\">\n\t\t\t\t\t\t\t<div class=\"elementor-posts-container elementor-posts elementor-posts--skin-cards elementor-grid\" role=\"list\">\n\t\t\t\t<article class=\"elementor-post elementor-grid-item post-3488 post type-post status-publish format-standard hentry category-tuyen-dung\" role=\"listitem\">\n\t\t\t<div class=\"elementor-post__card\">\n\t\t\t\t<div class=\"elementor-post__text\">\n\t\t\t\t<h3 class=\"elementor-post__title\">\n\t\t\t<a href=\"https:\/\/phunxamtaidang.com\/en\/tu-van-vien-spa-le-tan-lam-dep\/\" >\n\t\t\t\tT\u01b0 v\u1ea5n vi\u00ean Spa \/ L\u1ec5 t\u00e2n l\u00e0m \u0111\u1eb9p\t\t\t<\/a>\n\t\t<\/h3>\n\t\t\t\t<div class=\"elementor-post__excerpt\">\n\t\t\t<p>V\u1ecb tr\u00ed: T\u01b0 v\u1ea5n vi\u00ean Spa<br \/>\nS\u1ed1 l\u01b0\u1ee3ng: 02<br \/>\n\u0110\u1ecba \u0111i\u1ec3m: Phun X\u0103m T\u00e0i \u0110\u1eb7ng<\/p>\n\t\t<\/div>\n\t\t\t\t<\/div>\n\t\t\t\t\t<\/div>\n\t\t<\/article>\n\t\t\t\t<article class=\"elementor-post elementor-grid-item post-3486 post type-post status-publish format-standard hentry category-tuyen-dung\" role=\"listitem\">\n\t\t\t<div class=\"elementor-post__card\">\n\t\t\t\t<div class=\"elementor-post__text\">\n\t\t\t\t<h3 class=\"elementor-post__title\">\n\t\t\t<a href=\"https:\/\/phunxamtaidang.com\/en\/hoc-vien-phun-xam-dao-tao-co-luong\/\" >\n\t\t\t\tH\u1ecdc vi\u00ean phun x\u0103m \u2013 \u0110\u00e0o t\u1ea1o c\u00f3 l\u01b0\u01a1ng\t\t\t<\/a>\n\t\t<\/h3>\n\t\t\t\t<div class=\"elementor-post__excerpt\">\n\t\t\t<p>V\u1ecb tr\u00ed: H\u1ecdc vi\u00ean phun x\u0103m th\u1ea9m m\u1ef9<br \/>\nS\u1ed1 l\u01b0\u1ee3ng: 05<br \/>\nKh\u00f4ng y\u00eau c\u1ea7u kinh nghi\u1ec7m \u2013 \u0110\u01b0\u1ee3c \u0111\u00e0o t\u1ea1o t\u1eeb \u0111\u1ea7u<\/p>\n\t\t<\/div>\n\t\t\t\t<\/div>\n\t\t\t\t\t<\/div>\n\t\t<\/article>\n\t\t\t\t<article class=\"elementor-post elementor-grid-item post-3480 post type-post status-publish format-standard hentry category-tuyen-dung\" role=\"listitem\">\n\t\t\t<div class=\"elementor-post__card\">\n\t\t\t\t<div class=\"elementor-post__text\">\n\t\t\t\t<h3 class=\"elementor-post__title\">\n\t\t\t<a href=\"https:\/\/phunxamtaidang.com\/en\/ky-thuat-vien-phun-xam-tham-my\/\" >\n\t\t\t\tK\u1ef9 thu\u1eadt vi\u00ean phun x\u0103m th\u1ea9m m\u1ef9\t\t\t<\/a>\n\t\t<\/h3>\n\t\t\t\t<div class=\"elementor-post__excerpt\">\n\t\t\t<p>V\u1ecb tr\u00ed: K\u1ef9 thu\u1eadt vi\u00ean phun x\u0103m th\u1ea9m m\u1ef9<br \/>\nS\u1ed1 l\u01b0\u1ee3ng: 02<br \/>\n\u0110\u1ecba \u0111i\u1ec3m l\u00e0m vi\u1ec7c: Phun X\u0103m T\u00e0i \u0110\u1eb7ng<\/p>\n\t\t<\/div>\n\t\t\t\t<\/div>\n\t\t\t\t\t<\/div>\n\t\t<\/article>\n\t\t\t\t<\/div>\n\t\t\n\t\t\t\t\t\t<\/div>\n\t\t\t\t<\/div>\n\t\t\t\t\t<\/div>\n\t\t\t\t<\/div>\n\t\t\t\t<\/div>","protected":false},"excerpt":{"rendered":"","protected":false},"author":1,"featured_media":0,"parent":0,"menu_order":0,"comment_status":"closed","ping_status":"closed","template":"elementor_header_footer","meta":{"footnotes":""},"yst_prominent_words":[],"class_list":["post-3162","page","type-page","status-publish","hentry"],"acf":[],"_links":{"self":[{"href":"https:\/\/phunxamtaidang.com\/en\/wp-json\/wp\/v2\/pages\/3162","targetHints":{"allow":["GET"]}}],"collection":[{"href":"https:\/\/phunxamtaidang.com\/en\/wp-json\/wp\/v2\/pages"}],"about":[{"href":"https:\/\/phunxamtaidang.com\/en\/wp-json\/wp\/v2\/types\/page"}],"author":[{"embeddable":true,"href":"https:\/\/phunxamtaidang.com\/en\/wp-json\/wp\/v2\/users\/1"}],"replies":[{"embeddable":true,"href":"https:\/\/phunxamtaidang.com\/en\/wp-json\/wp\/v2\/comments?post=3162"}],"version-history":[{"count":10,"href":"https:\/\/phunxamtaidang.com\/en\/wp-json\/wp\/v2\/pages\/3162\/revisions"}],"predecessor-version":[{"id":3485,"href":"https:\/\/phunxamtaidang.com\/en\/wp-json\/wp\/v2\/pages\/3162\/revisions\/3485"}],"wp:attachment":[{"href":"https:\/\/phunxamtaidang.com\/en\/wp-json\/wp\/v2\/media?parent=3162"}],"wp:term":[{"taxonomy":"yst_prominent_words","embeddable":true,"href":"https:\/\/phunxamtaidang.com\/en\/wp-json\/wp\/v2\/yst_prominent_words?post=3162"}],"curies":[{"name":"wp","href":"https:\/\/api.w.org\/{rel}","templated":true}]}}