{"id":3966,"date":"2025-11-04T17:15:12","date_gmt":"2025-11-04T10:15:12","guid":{"rendered":"https:\/\/phunxamtaidang.123websitedev.com\/?page_id=3966"},"modified":"2025-11-04T17:15:39","modified_gmt":"2025-11-04T10:15:39","slug":"blog-tri-seo","status":"publish","type":"page","link":"https:\/\/phunxamtaidang.com\/en\/blog-tri-seo\/","title":{"rendered":"Scar treatment blog"},"content":{"rendered":"<div data-elementor-type=\"wp-page\" data-elementor-id=\"3966\" class=\"elementor elementor-3966\" data-elementor-post-type=\"page\">\n\t\t\t\t<div class=\"elementor-element elementor-element-a7821a0 e-flex e-con-boxed e-con e-parent\" data-id=\"a7821a0\" data-element_type=\"container\">\n\t\t\t\t\t<div class=\"e-con-inner\">\n\t\t\t\t<div class=\"elementor-element elementor-element-a972eb9 elementor-grid-3 elementor-grid-tablet-2 elementor-grid-mobile-1 elementor-posts--thumbnail-top elementor-widget elementor-widget-posts\" data-id=\"a972eb9\" data-element_type=\"widget\" data-settings=\"{&quot;classic_columns&quot;:&quot;3&quot;,&quot;classic_columns_tablet&quot;:&quot;2&quot;,&quot;classic_columns_mobile&quot;:&quot;1&quot;,&quot;classic_row_gap&quot;:{&quot;unit&quot;:&quot;px&quot;,&quot;size&quot;:35,&quot;sizes&quot;:[]},&quot;classic_row_gap_laptop&quot;:{&quot;unit&quot;:&quot;px&quot;,&quot;size&quot;:&quot;&quot;,&quot;sizes&quot;:[]},&quot;classic_row_gap_tablet&quot;:{&quot;unit&quot;:&quot;px&quot;,&quot;size&quot;:&quot;&quot;,&quot;sizes&quot;:[]},&quot;classic_row_gap_mobile&quot;:{&quot;unit&quot;:&quot;px&quot;,&quot;size&quot;:&quot;&quot;,&quot;sizes&quot;:[]}}\" data-widget_type=\"posts.classic\">\n\t\t\t\t<div class=\"elementor-widget-container\">\n\t\t\t\t\t\t\t<div class=\"elementor-posts-container elementor-posts elementor-posts--skin-classic elementor-grid\" role=\"list\">\n\t\t\t\t<article class=\"elementor-post elementor-grid-item post-3475 post type-post status-publish format-standard has-post-thumbnail hentry category-blog-phun-moi category-blog-phun-xam-chan-may category-blog-xoa-sua-chan-may category-kien-thuc\" role=\"listitem\">\n\t\t\t\t<a class=\"elementor-post__thumbnail__link\" href=\"https:\/\/phunxamtaidang.com\/en\/gen-z-di-lam-chan-may-tai-sao-gioi-tre-ua-chuong-chan-may-tu-nhien-phun-xam-tham-my\/\" tabindex=\"-1\" >\n\t\t\t<div class=\"elementor-post__thumbnail\"><img fetchpriority=\"high\" decoding=\"async\" width=\"960\" height=\"1280\" src=\"https:\/\/phunxamtaidang.com\/wp-content\/uploads\/2025\/10\/083bddb85f9dd2c38b8c.jpg\" class=\"attachment-full size-full wp-image-3262\" alt=\"\" srcset=\"https:\/\/phunxamtaidang.com\/wp-content\/uploads\/2025\/10\/083bddb85f9dd2c38b8c.jpg 960w, https:\/\/phunxamtaidang.com\/wp-content\/uploads\/2025\/10\/083bddb85f9dd2c38b8c-225x300.jpg 225w, https:\/\/phunxamtaidang.com\/wp-content\/uploads\/2025\/10\/083bddb85f9dd2c38b8c-768x1024.jpg 768w\" sizes=\"(max-width: 960px) 100vw, 960px\" \/><\/div>\n\t\t<\/a>\n\t\t\t\t<div class=\"elementor-post__text\">\n\t\t\t\t<h3 class=\"elementor-post__title\">\n\t\t\t<a href=\"https:\/\/phunxamtaidang.com\/en\/gen-z-di-lam-chan-may-tai-sao-gioi-tre-ua-chuong-chan-may-tu-nhien-phun-xam-tham-my\/\" >\n\t\t\t\tGen Z Gets Eyebrows Done: Why Young People Prefer Natural Eyebrows &amp; Cosmetic Tattooing\t\t\t<\/a>\n\t\t<\/h3>\n\t\t\t\t<div class=\"elementor-post__excerpt\">\n\t\t\t<p>\u2705 Why do Gen Z get their eyebrows done? Natural eyebrows - the preferred trend for Gen Z<\/p>\n\t\t<\/div>\n\t\t\t\t<\/div>\n\t\t\t\t<\/article>\n\t\t\t\t<article class=\"elementor-post elementor-grid-item post-3473 post type-post status-publish format-standard has-post-thumbnail hentry category-blog-phun-moi category-blog-phun-xam-chan-may category-blog-xoa-sua-chan-may category-kien-thuc\" role=\"listitem\">\n\t\t\t\t<a class=\"elementor-post__thumbnail__link\" href=\"https:\/\/phunxamtaidang.com\/en\/top-5-dang-chan-may-dep-dip-20-10-goi-y-ton-sac-voc-phai-dep\/\" tabindex=\"-1\" >\n\t\t\t<div class=\"elementor-post__thumbnail\"><img decoding=\"async\" width=\"1280\" height=\"1280\" src=\"https:\/\/phunxamtaidang.com\/wp-content\/uploads\/2025\/10\/8df5b7763553b80de142.jpg\" class=\"attachment-full size-full wp-image-3260\" alt=\"\" srcset=\"https:\/\/phunxamtaidang.com\/wp-content\/uploads\/2025\/10\/8df5b7763553b80de142.jpg 1280w, https:\/\/phunxamtaidang.com\/wp-content\/uploads\/2025\/10\/8df5b7763553b80de142-300x300.jpg 300w, https:\/\/phunxamtaidang.com\/wp-content\/uploads\/2025\/10\/8df5b7763553b80de142-1024x1024.jpg 1024w, https:\/\/phunxamtaidang.com\/wp-content\/uploads\/2025\/10\/8df5b7763553b80de142-150x150.jpg 150w, https:\/\/phunxamtaidang.com\/wp-content\/uploads\/2025\/10\/8df5b7763553b80de142-768x768.jpg 768w\" sizes=\"(max-width: 1280px) 100vw, 1280px\" \/><\/div>\n\t\t<\/a>\n\t\t\t\t<div class=\"elementor-post__text\">\n\t\t\t\t<h3 class=\"elementor-post__title\">\n\t\t\t<a href=\"https:\/\/phunxamtaidang.com\/en\/top-5-dang-chan-may-dep-dip-20-10-goi-y-ton-sac-voc-phai-dep\/\" >\n\t\t\t\tTop 5 beautiful eyebrow shapes for October 20th - suggestions to enhance women&#039;s beauty\t\t\t<\/a>\n\t\t<\/h3>\n\t\t\t\t<div class=\"elementor-post__excerpt\">\n\t\t\t<p>\ud83d\udc8e Why are eyebrow shapes so important? Eyebrows are more than just a small line on the face.<\/p>\n\t\t<\/div>\n\t\t\t\t<\/div>\n\t\t\t\t<\/article>\n\t\t\t\t<article class=\"elementor-post elementor-grid-item post-3471 post type-post status-publish format-standard has-post-thumbnail hentry category-blog-phun-moi category-blog-phun-xam-chan-may category-blog-xoa-sua-chan-may category-kien-thuc\" role=\"listitem\">\n\t\t\t\t<a class=\"elementor-post__thumbnail__link\" href=\"https:\/\/phunxamtaidang.com\/en\/18-tuoi-co-phun-moi-duoc-hay-khong-chuyen-gia-tai-dang-giai-dap-chi-tiet-cho-ban\/\" tabindex=\"-1\" >\n\t\t\t<div class=\"elementor-post__thumbnail\"><img decoding=\"async\" width=\"1320\" height=\"1320\" src=\"https:\/\/phunxamtaidang.com\/wp-content\/uploads\/2025\/10\/4747a6c424e1a9bff0f0.jpg\" class=\"attachment-full size-full wp-image-3265\" alt=\"\" srcset=\"https:\/\/phunxamtaidang.com\/wp-content\/uploads\/2025\/10\/4747a6c424e1a9bff0f0.jpg 1320w, https:\/\/phunxamtaidang.com\/wp-content\/uploads\/2025\/10\/4747a6c424e1a9bff0f0-300x300.jpg 300w, https:\/\/phunxamtaidang.com\/wp-content\/uploads\/2025\/10\/4747a6c424e1a9bff0f0-1024x1024.jpg 1024w, https:\/\/phunxamtaidang.com\/wp-content\/uploads\/2025\/10\/4747a6c424e1a9bff0f0-150x150.jpg 150w, https:\/\/phunxamtaidang.com\/wp-content\/uploads\/2025\/10\/4747a6c424e1a9bff0f0-768x768.jpg 768w\" sizes=\"(max-width: 1320px) 100vw, 1320px\" \/><\/div>\n\t\t<\/a>\n\t\t\t\t<div class=\"elementor-post__text\">\n\t\t\t\t<h3 class=\"elementor-post__title\">\n\t\t\t<a href=\"https:\/\/phunxamtaidang.com\/en\/18-tuoi-co-phun-moi-duoc-hay-khong-chuyen-gia-tai-dang-giai-dap-chi-tiet-cho-ban\/\" >\n\t\t\t\t18 tu\u1ed5i c\u00f3 phun m\u00f4i \u0111\u01b0\u1ee3c hay kh\u00f4ng? Chuy\u00ean Gia T\u00e0i \u0110\u1eb7ng gi\u1ea3i \u0111\u00e1p chi ti\u1ebft cho b\u1ea1n\t\t\t<\/a>\n\t\t<\/h3>\n\t\t\t\t<div class=\"elementor-post__excerpt\">\n\t\t\t<p>18 tu\u1ed5i c\u00f3 phun m\u00f4i \u0111\u01b0\u1ee3c kh\u00f4ng? C\u00e2u tr\u1ea3 l\u1eddi l\u00e0 C\u00d3! Theo c\u00e1c chuy\u00ean gia phun x\u0103m t\u1ea1i\u00a0T\u00e0i \u0110\u1eb7ng,\u00a018 tu\u1ed5i ho\u00e0n to\u00e0n c\u00f3 th\u1ec3<\/p>\n\t\t<\/div>\n\t\t\t\t<\/div>\n\t\t\t\t<\/article>\n\t\t\t\t<\/div>\n\t\t\n\t\t\t\t\t\t<\/div>\n\t\t\t\t<\/div>\n\t\t\t\t\t<\/div>\n\t\t\t\t<\/div>\n\t\t\t\t<\/div>","protected":false},"excerpt":{"rendered":"","protected":false},"author":1,"featured_media":0,"parent":0,"menu_order":0,"comment_status":"closed","ping_status":"closed","template":"elementor_header_footer","meta":{"footnotes":""},"yst_prominent_words":[],"class_list":["post-3966","page","type-page","status-publish","hentry"],"acf":[],"_links":{"self":[{"href":"https:\/\/phunxamtaidang.com\/en\/wp-json\/wp\/v2\/pages\/3966","targetHints":{"allow":["GET"]}}],"collection":[{"href":"https:\/\/phunxamtaidang.com\/en\/wp-json\/wp\/v2\/pages"}],"about":[{"href":"https:\/\/phunxamtaidang.com\/en\/wp-json\/wp\/v2\/types\/page"}],"author":[{"embeddable":true,"href":"https:\/\/phunxamtaidang.com\/en\/wp-json\/wp\/v2\/users\/1"}],"replies":[{"embeddable":true,"href":"https:\/\/phunxamtaidang.com\/en\/wp-json\/wp\/v2\/comments?post=3966"}],"version-history":[{"count":4,"href":"https:\/\/phunxamtaidang.com\/en\/wp-json\/wp\/v2\/pages\/3966\/revisions"}],"predecessor-version":[{"id":3970,"href":"https:\/\/phunxamtaidang.com\/en\/wp-json\/wp\/v2\/pages\/3966\/revisions\/3970"}],"wp:attachment":[{"href":"https:\/\/phunxamtaidang.com\/en\/wp-json\/wp\/v2\/media?parent=3966"}],"wp:term":[{"taxonomy":"yst_prominent_words","embeddable":true,"href":"https:\/\/phunxamtaidang.com\/en\/wp-json\/wp\/v2\/yst_prominent_words?post=3966"}],"curies":[{"name":"wp","href":"https:\/\/api.w.org\/{rel}","templated":true}]}}