{"id":4184,"date":"2025-11-07T16:04:59","date_gmt":"2025-11-07T09:04:59","guid":{"rendered":"https:\/\/phunxamtaidang.123websitedev.com\/?page_id=4184"},"modified":"2025-11-07T16:39:10","modified_gmt":"2025-11-07T09:39:10","slug":"thien-nguyen","status":"publish","type":"page","link":"https:\/\/phunxamtaidang.com\/en\/thien-nguyen\/","title":{"rendered":"Charity"},"content":{"rendered":"<div data-elementor-type=\"wp-page\" data-elementor-id=\"4184\" class=\"elementor elementor-4184\" data-elementor-post-type=\"page\">\n\t\t\t\t<div class=\"elementor-element elementor-element-9093518 e-flex e-con-boxed e-con e-parent\" data-id=\"9093518\" data-element_type=\"container\">\n\t\t\t\t\t<div class=\"e-con-inner\">\n\t\t\t\t<div class=\"elementor-element elementor-element-c9a00a1 elementor-widget elementor-widget-heading\" data-id=\"c9a00a1\" data-element_type=\"widget\" data-widget_type=\"heading.default\">\n\t\t\t\t\t<h2 class=\"elementor-heading-title elementor-size-default\">\ud83c\udf38 S\u1ee8 M\u1ec6NH THI\u1ec6N NGUY\u1ec6N C\u1ee6A T\u00c0I \u0110\u1eb6NG PHUN X\u0102M T\u1ef0 NHI\u00caN \u2013 LAN T\u1eceA Y\u00caU TH\u01af\u01a0NG B\u1eb0NG C\u00c1I T\u00c2M NG\u01af\u1edcI L\u00c0M \u0110\u1eb8P \ud83c\udf38<\/h2>\t\t\t\t<\/div>\n\t\t\t\t\t<\/div>\n\t\t\t\t<\/div>\n\t\t<div class=\"elementor-element elementor-element-6aa95ac e-con-full e-flex e-con e-parent\" data-id=\"6aa95ac\" data-element_type=\"container\">\n\t\t<div class=\"elementor-element elementor-element-6fd3314 e-con-full e-flex e-con e-child\" data-id=\"6fd3314\" data-element_type=\"container\">\n\t\t\t\t<div class=\"elementor-element elementor-element-947ca8f elementor-widget elementor-widget-image\" data-id=\"947ca8f\" data-element_type=\"widget\" data-widget_type=\"image.default\">\n\t\t\t\t\t\t\t\t\t\t\t\t\t\t\t<img fetchpriority=\"high\" decoding=\"async\" width=\"700\" height=\"525\" src=\"https:\/\/phunxamtaidang.com\/wp-content\/uploads\/2025\/11\/a8f25a90-866f-4a85-a34b-d6e0b5eb5131.jpg\" class=\"attachment-full size-full wp-image-4185\" alt=\"\" srcset=\"https:\/\/phunxamtaidang.com\/wp-content\/uploads\/2025\/11\/a8f25a90-866f-4a85-a34b-d6e0b5eb5131.jpg 700w, https:\/\/phunxamtaidang.com\/wp-content\/uploads\/2025\/11\/a8f25a90-866f-4a85-a34b-d6e0b5eb5131-300x225.jpg 300w, https:\/\/phunxamtaidang.com\/wp-content\/uploads\/2025\/11\/a8f25a90-866f-4a85-a34b-d6e0b5eb5131-16x12.jpg 16w\" sizes=\"(max-width: 700px) 100vw, 700px\" \/>\t\t\t\t\t\t\t\t\t\t\t\t\t\t\t<\/div>\n\t\t\t\t<\/div>\n\t\t<div class=\"elementor-element elementor-element-c7bbed8 e-con-full e-flex e-con e-child\" data-id=\"c7bbed8\" data-element_type=\"container\">\n\t\t\t\t<div class=\"elementor-element elementor-element-ea45e30 elementor-widget elementor-widget-text-editor\" data-id=\"ea45e30\" data-element_type=\"widget\" data-widget_type=\"text-editor.default\">\n\t\t\t\t\t\t\t\t\t<p>T\u1eeb khi th\u00e0nh l\u1eadp, T\u00e0i \u0110\u1eb7ng kh\u00f4ng ch\u1ec9 mang trong m\u00ecnh s\u1ee9 m\u1ec7nh t\u00f4n vinh v\u1ebb \u0111\u1eb9p t\u1ef1 nhi\u00ean c\u1ee7a ph\u1ee5 n\u1eef Vi\u1ec7t, m\u00e0 c\u00f2n \u1ea5p \u1ee7 m\u1ed9t kh\u00e1t khao l\u1edbn h\u01a1n \u2013 lan t\u1ecfa y\u00eau th\u01b0\u01a1ng v\u00e0 s\u1ebb chia c\u00f9ng c\u1ed9ng \u0111\u1ed3ng. V\u1edbi ch\u00fang t\u00f4i, l\u00e0m \u0111\u1eb9p kh\u00f4ng ch\u1ec9 l\u00e0 ngh\u1ec1, m\u00e0 c\u00f2n l\u00e0 h\u00e0nh tr\u00ecnh ch\u1ea1m \u0111\u1ebfn tr\u00e1i tim v\u00e0 mang l\u1ea1i ni\u1ec1m tin \u2013 n\u1ee5 c\u01b0\u1eddi \u2013 h\u1ea1nh ph\u00fac cho ng\u01b0\u1eddi kh\u00e1c. \ud83c\udf3f<\/p><p>Trong su\u1ed1t nh\u1eefng n\u0103m ho\u1ea1t \u0111\u1ed9ng, T\u00e0i \u0110\u1eb7ng lu\u00f4n d\u00e0nh m\u1ed9t ph\u1ea7n t\u00e2m huy\u1ebft v\u00e0 l\u1ee3i nhu\u1eadn \u0111\u1ec3 th\u1ef1c hi\u1ec7n c\u00e1c ho\u1ea1t \u0111\u1ed9ng thi\u1ec7n nguy\u1ec7n \u00fd ngh\u0129a. Ch\u00fang t\u00f4i t\u1ed5 ch\u1ee9c c\u00e1c ch\u01b0\u01a1ng tr\u00ecnh phun x\u0103m mi\u1ec5n ph\u00ed cho ph\u1ee5 n\u1eef c\u00f3 ho\u00e0n c\u1ea3nh kh\u00f3 kh\u0103n, m\u1eb9 \u0111\u01a1n th\u00e2n, b\u1ec7nh nh\u00e2n ung th\u01b0\u2026 nh\u1eefng ng\u01b0\u1eddi v\u00ec ho\u00e0n c\u1ea3nh m\u00e0 qu\u00ean m\u1ea5t quy\u1ec1n \u0111\u01b0\u1ee3c \u0111\u1eb9p, \u0111\u01b0\u1ee3c y\u00eau th\u01b0\u01a1ng v\u00e0 \u0111\u01b0\u1ee3c t\u1ef1 tin.<br \/>B\u1edfi T\u00e0i \u0110\u1eb7ng tin r\u1eb1ng, m\u1ed9t \u0111\u00f4i m\u00f4i h\u1ed3ng, m\u1ed9t h\u00e0ng m\u00e0y \u0111\u1eb9p kh\u00f4ng ch\u1ec9 l\u00e0m s\u00e1ng g\u01b0\u01a1ng m\u1eb7t, m\u00e0 c\u00f2n th\u1eafp l\u1ea1i ng\u1ecdn l\u1eeda t\u1ef1 tin trong tr\u00e1i tim c\u1ee7a h\u1ecd \u2728<\/p><p>Kh\u00f4ng ch\u1ec9 d\u1eebng l\u1ea1i \u1edf \u0111\u00f3, T\u00e0i \u0110\u1eb7ng c\u00f2n \u0111\u1ed3ng h\u00e0nh c\u00f9ng nhi\u1ec1u t\u1ed5 ch\u1ee9c t\u1eeb thi\u1ec7n, h\u1ed7 tr\u1ee3 tr\u1ebb em v\u00f9ng cao, ng\u01b0\u1eddi gi\u00e0 neo \u0111\u01a1n, gia \u0111\u00ecnh kh\u00f3 kh\u0103n th\u00f4ng qua c\u00e1c chuy\u1ebfn \u0111i trao qu\u00e0, ph\u00e1t c\u01a1m t\u1eeb thi\u1ec7n v\u00e0 h\u1ecdc b\u1ed5ng. M\u1ed7i h\u00e0nh \u0111\u1ed9ng nh\u1ecf \u0111\u1ec1u xu\u1ea5t ph\u00e1t t\u1eeb tr\u00e1i tim bi\u1ebft \u01a1n v\u00e0 mong mu\u1ed1n lan t\u1ecfa n\u0103ng l\u01b0\u1ee3ng t\u00edch c\u1ef1c \u0111\u1ebfn m\u1ecdi ng\u01b0\u1eddi xung quanh \ud83c\udf38<\/p><p>Ch\u00fang t\u00f4i tin r\u1eb1ng, gi\u00e1 tr\u1ecb th\u1eadt c\u1ee7a c\u00e1i \u0111\u1eb9p n\u1eb1m \u1edf s\u1ef1 t\u1eed t\u1ebf v\u00e0 s\u1ebb chia. D\u00f9 l\u00e0 m\u1ed9t d\u1ecbch v\u1ee5 phun x\u0103m hay m\u1ed9t h\u00e0nh tr\u00ecnh thi\u1ec7n nguy\u1ec7n, T\u00e0i \u0110\u1eb7ng lu\u00f4n \u0111\u1eb7t ch\u1eef \u201cT\u00c2M\u201d l\u00ean h\u00e0ng \u0111\u1ea7u \u2013 \u0111\u1ec3 m\u1ed7i vi\u1ec7c l\u00e0m \u0111\u1ec1u mang l\u1ea1i ni\u1ec1m vui, s\u1ef1 tin y\u00eau v\u00e0 h\u1ea1nh ph\u00fac th\u1eadt s\u1ef1.<\/p><p>\ud83c\udf3f T\u00e0i \u0110\u1eb7ng \u2013 L\u00e0m \u0111\u1eb9p b\u1eb1ng t\u00e2m, lan t\u1ecfa y\u00eau th\u01b0\u01a1ng b\u1eb1ng h\u00e0nh \u0111\u1ed9ng. \ud83c\udf38\u2728<\/p>\t\t\t\t\t\t\t\t<\/div>\n\t\t\t\t<\/div>\n\t\t\t\t<\/div>\n\t\t\t\t<\/div>","protected":false},"excerpt":{"rendered":"<p>\ud83c\udf38 S\u1ee8 M\u1ec6NH THI\u1ec6N NGUY\u1ec6N C\u1ee6A T\u00c0I \u0110\u1eb6NG PHUN X\u0102M T\u1ef0 NHI\u00caN \u2013 LAN T\u1eceA Y\u00caU TH\u01af\u01a0NG B\u1eb0NG C\u00c1I T\u00c2M NG\u01af\u1edcI L\u00c0M \u0110\u1eb8P \ud83c\udf38 T\u1eeb khi th\u00e0nh l\u1eadp, T\u00e0i \u0110\u1eb7ng kh\u00f4ng ch\u1ec9 mang trong m\u00ecnh s\u1ee9 m\u1ec7nh t\u00f4n vinh v\u1ebb \u0111\u1eb9p t\u1ef1 nhi\u00ean c\u1ee7a ph\u1ee5 n\u1eef Vi\u1ec7t, m\u00e0 c\u00f2n \u1ea5p \u1ee7 m\u1ed9t kh\u00e1t khao l\u1edbn [&hellip;]<\/p>","protected":false},"author":1,"featured_media":0,"parent":0,"menu_order":0,"comment_status":"closed","ping_status":"closed","template":"","meta":{"footnotes":""},"yst_prominent_words":[],"class_list":["post-4184","page","type-page","status-publish","hentry"],"acf":[],"_links":{"self":[{"href":"https:\/\/phunxamtaidang.com\/en\/wp-json\/wp\/v2\/pages\/4184","targetHints":{"allow":["GET"]}}],"collection":[{"href":"https:\/\/phunxamtaidang.com\/en\/wp-json\/wp\/v2\/pages"}],"about":[{"href":"https:\/\/phunxamtaidang.com\/en\/wp-json\/wp\/v2\/types\/page"}],"author":[{"embeddable":true,"href":"https:\/\/phunxamtaidang.com\/en\/wp-json\/wp\/v2\/users\/1"}],"replies":[{"embeddable":true,"href":"https:\/\/phunxamtaidang.com\/en\/wp-json\/wp\/v2\/comments?post=4184"}],"version-history":[{"count":9,"href":"https:\/\/phunxamtaidang.com\/en\/wp-json\/wp\/v2\/pages\/4184\/revisions"}],"predecessor-version":[{"id":4201,"href":"https:\/\/phunxamtaidang.com\/en\/wp-json\/wp\/v2\/pages\/4184\/revisions\/4201"}],"wp:attachment":[{"href":"https:\/\/phunxamtaidang.com\/en\/wp-json\/wp\/v2\/media?parent=4184"}],"wp:term":[{"taxonomy":"yst_prominent_words","embeddable":true,"href":"https:\/\/phunxamtaidang.com\/en\/wp-json\/wp\/v2\/yst_prominent_words?post=4184"}],"curies":[{"name":"wp","href":"https:\/\/api.w.org\/{rel}","templated":true}]}}